{"id":12,"date":"2020-11-12T20:41:04","date_gmt":"2020-11-12T17:41:04","guid":{"rendered":"http:\/\/www.rossotomasyon.com\/tr\/?page_id=12"},"modified":"2020-12-07T02:21:12","modified_gmt":"2020-12-06T23:21:12","slug":"kurumsal","status":"publish","type":"page","link":"https:\/\/www.rossotomasyon.com\/tr\/kurumsal","title":{"rendered":"Kurumsal"},"content":{"rendered":"<p style=\"text-align: justify;\">Ross Otomasyon, 90&#8217;l\u0131 y\u0131llardan itibaren farkl\u0131 i\u015f sahalar\u0131nda uzun s\u00fcreler hizmetler sunarak, elde etti\u011fi ticari tecr\u00fcbeyi, g\u00fcn\u00fcm\u00fcz teknolojisinin s\u00fcrekli takibi ve profesyonel hizmet anlay\u0131\u015f\u0131 ile harmanlayarak, otomasyon sekt\u00f6r\u00fcnde 2010 y\u0131l\u0131ndan beri profesyonel \u00e7\u00f6z\u00fcmler sunmaktad\u0131r.<\/p>\n<p style=\"text-align: justify;\">T\u00fcm d\u00fcnyada, uzmanla\u015fm\u0131\u015f kadrosuyla, \u00fcretim sekt\u00f6r\u00fcnde yer alan \u015firketlerin otomasyon ihtiya\u00e7lar\u0131na y\u00f6nelik hizmetler sunmakta olup \u00fcr\u00fcn ve hizmetlerinde, kalitesinden \u00f6d\u00fcn vermeden m\u00fc\u015fteri memnuniyetini \u00f6n planda tutarak, toplum ve \u00e7evreye pozitif katl\u0131 sa\u011flamak firmam\u0131z\u0131n ama\u00e7lar\u0131 aras\u0131nda \u00f6n s\u0131ralarda yer almaktad\u0131r. Faaliyetlerinden elde etti\u011fi ba\u015far\u0131lar ile hedeflerini her ge\u00e7en g\u00fcn y\u00fckselterek, sekt\u00f6rde daha geni\u015f kitlelere hizmet etmeyi kendine ama\u00e7 edinip, yer ald\u0131\u011f\u0131 sekt\u00f6rde farkl\u0131l\u0131k olu\u015fturarak, otomasyon end\u00fcstrisinde tercih edilen ve rekabet\u00e7i bir firma olmay\u0131 hedeflemektedir.<\/p>\n<p style=\"text-align: justify;\">Ross Otomasyon; otomotiv, g\u0131da, ambalaj, tekstil ve ah\u015fap gibi bir\u00e7ok end\u00fcstri alan\u0131na y\u00f6nelik komple otomasyon \u00e7\u00f6z\u00fcmleri sunman\u0131n yan\u0131 s\u0131ra yaln\u0131zca otomasyon yaz\u0131l\u0131mlar\u0131 ya da otomasyon donan\u0131mlar\u0131 alan\u0131nda da profesyonel hizmetler sunmaktad\u0131r.<\/p>\n<p style=\"text-align: justify;\">Otomasyon sekt\u00f6r\u00fcnde verimlilik ve kaliteyi, \u00f6n plana \u00e7\u0131kararak, standartlar\u0131 belirleyen \u00f6rnek bir firma olmay\u0131 vizyon edinmi\u015f, tasar\u0131m ve \u00fcretiminde ileri m\u00fchendislik ve \u00fcretim teknolojilerini kullanarak, s\u00fcrekli geli\u015fen otomasyon sekt\u00f6r\u00fc i\u00e7erisinde mutlak yerini koruman\u0131n yan\u0131 s\u0131ra, her ge\u00e7en g\u00fcn yeni \u00f6\u011fretiler edinerek en iyiyi sunmay\u0131 ama\u00e7lamaktad\u0131r.<\/p>\n","protected":false},"excerpt":{"rendered":"<p>Ross Otomasyon, 90&#8217;l\u0131 y\u0131llardan itibaren farkl\u0131 i\u015f sahalar\u0131nda uzun s\u00fcreler hizmetler sunarak, elde etti\u011fi ticari tecr\u00fcbeyi, g\u00fcn\u00fcm\u00fcz teknolojisinin s\u00fcrekli takibi ve profesyonel hizmet anlay\u0131\u015f\u0131 ile harmanlayarak, otomasyon sekt\u00f6r\u00fcnde 2010 y\u0131l\u0131ndan beri profesyonel \u00e7\u00f6z\u00fcmler sunmaktad\u0131r. T\u00fcm d\u00fcnyada, uzmanla\u015fm\u0131\u015f kadrosuyla, \u00fcretim sekt\u00f6r\u00fcnde yer alan \u015firketlerin otomasyon ihtiya\u00e7lar\u0131na y\u00f6nelik hizmetler sunmakta olup \u00fcr\u00fcn ve hizmetlerinde, kalitesinden \u00f6d\u00fcn vermeden [&hellip;]<\/p>\n","protected":false},"author":1,"featured_media":0,"parent":0,"menu_order":0,"comment_status":"closed","ping_status":"closed","template":"","meta":[],"_links":{"self":[{"href":"https:\/\/www.rossotomasyon.com\/tr\/wp-json\/wp\/v2\/pages\/12"}],"collection":[{"href":"https:\/\/www.rossotomasyon.com\/tr\/wp-json\/wp\/v2\/pages"}],"about":[{"href":"https:\/\/www.rossotomasyon.com\/tr\/wp-json\/wp\/v2\/types\/page"}],"author":[{"embeddable":true,"href":"https:\/\/www.rossotomasyon.com\/tr\/wp-json\/wp\/v2\/users\/1"}],"replies":[{"embeddable":true,"href":"https:\/\/www.rossotomasyon.com\/tr\/wp-json\/wp\/v2\/comments?post=12"}],"version-history":[{"count":13,"href":"https:\/\/www.rossotomasyon.com\/tr\/wp-json\/wp\/v2\/pages\/12\/revisions"}],"predecessor-version":[{"id":232,"href":"https:\/\/www.rossotomasyon.com\/tr\/wp-json\/wp\/v2\/pages\/12\/revisions\/232"}],"wp:attachment":[{"href":"https:\/\/www.rossotomasyon.com\/tr\/wp-json\/wp\/v2\/media?parent=12"}],"curies":[{"name":"wp","href":"https:\/\/api.w.org\/{rel}","templated":true}]}}