{"id":22,"date":"2020-11-12T20:51:49","date_gmt":"2020-11-12T17:51:49","guid":{"rendered":"http:\/\/www.rossotomasyon.com\/tr\/?page_id=22"},"modified":"2020-12-06T02:12:32","modified_gmt":"2020-12-05T23:12:32","slug":"cozum-ortaklarimiz","status":"publish","type":"page","link":"https:\/\/www.rossotomasyon.com\/tr\/cozum-ortaklarimiz","title":{"rendered":"\u00c7\u00f6z\u00fcm Ortaklar\u0131m\u0131z"},"content":{"rendered":"\n<figure class=\"wp-block-gallery columns-3 is-cropped\"><ul class=\"blocks-gallery-grid\"><li class=\"blocks-gallery-item\"><figure><img loading=\"lazy\" width=\"220\" height=\"140\" src=\"https:\/\/www.rossotomasyon.com\/tr\/wp-content\/uploads\/ref-siemens.png\" alt=\"\" data-id=\"210\" data-full-url=\"https:\/\/www.rossotomasyon.com\/tr\/wp-content\/uploads\/ref-siemens.png\" data-link=\"https:\/\/www.rossotomasyon.com\/tr\/ref-siemens\" class=\"wp-image-210\"\/><\/figure><\/li><li class=\"blocks-gallery-item\"><figure><img loading=\"lazy\" width=\"220\" height=\"140\" src=\"https:\/\/www.rossotomasyon.com\/tr\/wp-content\/uploads\/ref-phoenix-contact.png\" alt=\"\" data-id=\"218\" data-full-url=\"https:\/\/www.rossotomasyon.com\/tr\/wp-content\/uploads\/ref-phoenix-contact.png\" data-link=\"https:\/\/www.rossotomasyon.com\/tr\/ref-phoenix-contact\" class=\"wp-image-218\"\/><\/figure><\/li><li class=\"blocks-gallery-item\"><figure><img loading=\"lazy\" width=\"220\" height=\"140\" src=\"https:\/\/www.rossotomasyon.com\/tr\/wp-content\/uploads\/ref-danfoss.png\" alt=\"\" data-id=\"216\" data-full-url=\"https:\/\/www.rossotomasyon.com\/tr\/wp-content\/uploads\/ref-danfoss.png\" data-link=\"https:\/\/www.rossotomasyon.com\/tr\/ref-danfoss\" class=\"wp-image-216\"\/><\/figure><\/li><li class=\"blocks-gallery-item\"><figure><img loading=\"lazy\" width=\"220\" height=\"140\" src=\"https:\/\/www.rossotomasyon.com\/tr\/wp-content\/uploads\/ref-lenze.png\" alt=\"\" data-id=\"217\" data-full-url=\"https:\/\/www.rossotomasyon.com\/tr\/wp-content\/uploads\/ref-lenze.png\" data-link=\"https:\/\/www.rossotomasyon.com\/tr\/ref-lenze\" class=\"wp-image-217\"\/><\/figure><\/li><li class=\"blocks-gallery-item\"><figure><img loading=\"lazy\" width=\"220\" height=\"140\" src=\"https:\/\/www.rossotomasyon.com\/tr\/wp-content\/uploads\/ref-rittal.png\" alt=\"\" data-id=\"214\" data-full-url=\"https:\/\/www.rossotomasyon.com\/tr\/wp-content\/uploads\/ref-rittal.png\" data-link=\"https:\/\/www.rossotomasyon.com\/tr\/ref-rittal\" class=\"wp-image-214\"\/><\/figure><\/li><li class=\"blocks-gallery-item\"><figure><img loading=\"lazy\" width=\"220\" height=\"140\" src=\"https:\/\/www.rossotomasyon.com\/tr\/wp-content\/uploads\/ref-beijer.png\" alt=\"\" data-id=\"212\" data-full-url=\"https:\/\/www.rossotomasyon.com\/tr\/wp-content\/uploads\/ref-beijer.png\" data-link=\"https:\/\/www.rossotomasyon.com\/tr\/ref-beijer\" class=\"wp-image-212\"\/><\/figure><\/li><li class=\"blocks-gallery-item\"><figure><img loading=\"lazy\" width=\"220\" height=\"140\" src=\"https:\/\/www.rossotomasyon.com\/tr\/wp-content\/uploads\/ref-wago.png\" alt=\"\" data-id=\"215\" data-full-url=\"https:\/\/www.rossotomasyon.com\/tr\/wp-content\/uploads\/ref-wago.png\" data-link=\"https:\/\/www.rossotomasyon.com\/tr\/ref-wago\" class=\"wp-image-215\"\/><\/figure><\/li><li class=\"blocks-gallery-item\"><figure><img loading=\"lazy\" width=\"220\" height=\"140\" src=\"https:\/\/www.rossotomasyon.com\/tr\/wp-content\/uploads\/ref-eaton.png\" alt=\"\" data-id=\"213\" data-full-url=\"https:\/\/www.rossotomasyon.com\/tr\/wp-content\/uploads\/ref-eaton.png\" data-link=\"https:\/\/www.rossotomasyon.com\/tr\/ref-eaton\" class=\"wp-image-213\"\/><\/figure><\/li><li class=\"blocks-gallery-item\"><figure><img loading=\"lazy\" width=\"220\" height=\"140\" src=\"https:\/\/www.rossotomasyon.com\/tr\/wp-content\/uploads\/ref-abb.png\" alt=\"\" data-id=\"211\" data-full-url=\"https:\/\/www.rossotomasyon.com\/tr\/wp-content\/uploads\/ref-abb.png\" data-link=\"https:\/\/www.rossotomasyon.com\/tr\/ref-abb\" class=\"wp-image-211\"\/><\/figure><\/li><\/ul><\/figure>\n","protected":false},"excerpt":{"rendered":"","protected":false},"author":1,"featured_media":0,"parent":0,"menu_order":0,"comment_status":"closed","ping_status":"closed","template":"pages\/page-references.php","meta":[],"_links":{"self":[{"href":"https:\/\/www.rossotomasyon.com\/tr\/wp-json\/wp\/v2\/pages\/22"}],"collection":[{"href":"https:\/\/www.rossotomasyon.com\/tr\/wp-json\/wp\/v2\/pages"}],"about":[{"href":"https:\/\/www.rossotomasyon.com\/tr\/wp-json\/wp\/v2\/types\/page"}],"author":[{"embeddable":true,"href":"https:\/\/www.rossotomasyon.com\/tr\/wp-json\/wp\/v2\/users\/1"}],"replies":[{"embeddable":true,"href":"https:\/\/www.rossotomasyon.com\/tr\/wp-json\/wp\/v2\/comments?post=22"}],"version-history":[{"count":9,"href":"https:\/\/www.rossotomasyon.com\/tr\/wp-json\/wp\/v2\/pages\/22\/revisions"}],"predecessor-version":[{"id":231,"href":"https:\/\/www.rossotomasyon.com\/tr\/wp-json\/wp\/v2\/pages\/22\/revisions\/231"}],"wp:attachment":[{"href":"https:\/\/www.rossotomasyon.com\/tr\/wp-json\/wp\/v2\/media?parent=22"}],"curies":[{"name":"wp","href":"https:\/\/api.w.org\/{rel}","templated":true}]}}